{"id":405,"date":"2020-11-18T18:07:10","date_gmt":"2020-11-18T16:07:10","guid":{"rendered":"https:\/\/spring-france.com\/?page_id=405"},"modified":"2022-09-15T13:18:02","modified_gmt":"2022-09-15T11:18:02","slug":"brexit","status":"publish","type":"page","link":"https:\/\/spring-france.com\/landings\/brexit\/","title":{"rendered":"BREXIT"},"content":{"rendered":"<p>[vc_row css_animation=&#8221;&#8221; row_type=&#8221;row&#8221; use_row_as_full_screen_section=&#8221;no&#8221; type=&#8221;full_width&#8221; angled_section=&#8221;no&#8221; text_align=&#8221;left&#8221; background_image_as_pattern=&#8221;without_pattern&#8221; css=&#8221;.vc_custom_1567717171448{padding-top: 20px !important;padding-bottom: 20px !important;background-color: #ffffff !important;}&#8221; z_index=&#8221;&#8221;][vc_column width=&#8221;1\/2&#8243; offset=&#8221;vc_col-xs-6&#8243;][vc_single_image image=&#8221;29&#8243; img_size=&#8221;65&#215;65&#8243; alignment=&#8221;center&#8221; qode_css_animation=&#8221;&#8221;][\/vc_column][vc_column width=&#8221;1\/2&#8243; offset=&#8221;vc_col-xs-6&#8243;][vc_single_image image=&#8221;30&#8243; img_size=&#8221;41&#215;65&#8243; alignment=&#8221;center&#8221; qode_css_animation=&#8221;&#8221;][\/vc_column][\/vc_row][vc_row css_animation=&#8221;&#8221; row_type=&#8221;row&#8221; use_row_as_full_screen_section=&#8221;yes&#8221; type=&#8221;full_width&#8221; angled_section=&#8221;no&#8221; text_align=&#8221;left&#8221; background_image_as_pattern=&#8221;without_pattern&#8221; z_index=&#8221;&#8221; css=&#8221;.vc_custom_1572451035862{padding-top: 0px !important;padding-right: 0px !important;padding-bottom: 0px !important;padding-left: 0px !important;}&#8221;][vc_column][vc_row_inner row_type=&#8221;row&#8221; type=&#8221;full_width&#8221; text_align=&#8221;left&#8221; css_animation=&#8221;&#8221; css=&#8221;.vc_custom_1663240676451{padding-top: 150px !important;padding-bottom: 150px !important;background-image: url(https:\/\/spring-france.com\/landings\/wp-content\/uploads\/2020\/11\/bgBrexit.jpg?id=425) !important;}&#8221;][vc_column_inner width=&#8221;1\/6&#8243;][\/vc_column_inner][vc_column_inner width=&#8221;4\/6&#8243;][vc_single_image image=&#8221;426&#8243; img_size=&#8221;&#8221; alignment=&#8221;center&#8221; qode_css_animation=&#8221;&#8221;][vc_column_text]<\/p>\n<h1 style=\"text-align: center;\"><span style=\"color: #ffffff;\">Des solutions optimales pour vos envois<br \/>\neCommerce vers le Royaume-Uni<br \/>\napr\u00e8s le Brexit<\/span><\/h1>\n<p>[\/vc_column_text][\/vc_column_inner][vc_column_inner width=&#8221;1\/6&#8243;][\/vc_column_inner][\/vc_row_inner][\/vc_column][\/vc_row][vc_row css_animation=&#8221;&#8221; row_type=&#8221;row&#8221; use_row_as_full_screen_section=&#8221;no&#8221; type=&#8221;full_width&#8221; angled_section=&#8221;no&#8221; text_align=&#8221;center&#8221; background_image_as_pattern=&#8221;without_pattern&#8221; z_index=&#8221;&#8221; css=&#8221;.vc_custom_1560758836958{padding-top: 30px !important;padding-bottom: 30px !important;background-color: #001a73 !important;}&#8221;][vc_column][vc_empty_space height=&#8221;20px&#8221;][vc_column_text]<\/p>\n<h1 style=\"text-align: center;\"><span style=\"color: #ffffff;\">Spring <span style=\"font-weight: lighter!important;\">vous accompagne pour le<\/span> Brexit !<\/span><\/h1>\n<p>[\/vc_column_text][vc_empty_space height=&#8221;20px&#8221;][\/vc_column][\/vc_row][vc_row css_animation=&#8221;&#8221; row_type=&#8221;row&#8221; use_row_as_full_screen_section=&#8221;no&#8221; type=&#8221;grid&#8221; angled_section=&#8221;no&#8221; text_align=&#8221;left&#8221; background_image_as_pattern=&#8221;without_pattern&#8221; css=&#8221;.vc_custom_1559207562720{padding-top: 60px !important;padding-right: 30px !important;padding-bottom: 60px !important;padding-left: 30px !important;background-color: #ffffff !important;}&#8221; z_index=&#8221;&#8221;][vc_column][vc_column_text]<\/p>\n<h2 style=\"text-align: center;\"><span style=\"color: #001a73;\">La p\u00e9riode de transition du Brexit prend fin le 31 d\u00e9cembre 2020.<br \/>\nCelui-ci entre d\u00e9finitivement en vigueur le 1er janvier 2021.\u00a0<\/span><\/h2>\n<p>[\/vc_column_text][vc_empty_space height=&#8221;50px&#8221;][vc_column_text]<\/p>\n<h2 style=\"text-align: center;\"><strong><span style=\"color: #001a73; font-size: 27px;\">3 d\u00e9marches indispensables \u00e0 commencer d\u00e8s maintenant :\u00a0\u00a0<\/span><\/strong><\/h2>\n<p>[\/vc_column_text][vc_empty_space height=&#8221;50px&#8221;][vc_row_inner row_type=&#8221;row&#8221; type=&#8221;full_width&#8221; text_align=&#8221;left&#8221; css_animation=&#8221;&#8221;][vc_column_inner width=&#8221;1\/3&#8243;][vc_single_image image=&#8221;438&#8243; img_size=&#8221;&#8221; alignment=&#8221;center&#8221; qode_css_animation=&#8221;&#8221;][\/vc_column_inner][vc_column_inner width=&#8221;1\/3&#8243;][vc_single_image image=&#8221;437&#8243; img_size=&#8221;&#8221; alignment=&#8221;center&#8221; qode_css_animation=&#8221;&#8221;][\/vc_column_inner][vc_column_inner width=&#8221;1\/3&#8243;][vc_single_image image=&#8221;572&#8243; img_size=&#8221;&#8221; alignment=&#8221;center&#8221; qode_css_animation=&#8221;&#8221;][\/vc_column_inner][\/vc_row_inner][vc_column_text css=&#8221;.vc_custom_1608552998796{padding-top: 35px !important;}&#8221;]<\/p>\n<h2 style=\"text-align: center;\"><strong><span style=\"color: #001a73; font-size: 27px;\">Vous avez des questions sur le Brexit ?\u00a0\u00a0<\/span><\/strong><\/h2>\n<p>[\/vc_column_text][vc_row_inner row_type=&#8221;row&#8221; type=&#8221;full_width&#8221; text_align=&#8221;left&#8221; css_animation=&#8221;&#8221;][vc_column_inner width=&#8221;2\/5&#8243;][vc_single_image image=&#8221;538&#8243; img_size=&#8221;409&#215;85&#8243; alignment=&#8221;right&#8221; qode_css_animation=&#8221;&#8221; el_class=&#8221;contactez&#8221; css=&#8221;.vc_custom_1608654529381{margin-top: 30px !important;margin-bottom: 60px !important;}&#8221;][\/vc_column_inner][vc_column_inner width=&#8221;1\/5&#8243;][vc_single_image image=&#8221;520&#8243; img_size=&#8221;92&#215;85&#8243; alignment=&#8221;center&#8221; qode_css_animation=&#8221;&#8221; css=&#8221;.vc_custom_1608554242383{margin-top: 30px !important;margin-bottom: 60px !important;}&#8221;][\/vc_column_inner][vc_column_inner width=&#8221;2\/5&#8243;][vc_single_image image=&#8221;574&#8243; img_size=&#8221;409&#215;85&#8243; qode_css_animation=&#8221;&#8221; el_class=&#8221;brexit&#8221; css=&#8221;.vc_custom_1612441613168{margin-top: 30px !important;margin-bottom: 60px !important;}&#8221;][\/vc_column_inner][\/vc_row_inner][\/vc_column][\/vc_row][vc_row css_animation=&#8221;&#8221; row_type=&#8221;row&#8221; use_row_as_full_screen_section=&#8221;no&#8221; type=&#8221;full_width&#8221; angled_section=&#8221;no&#8221; text_align=&#8221;left&#8221; background_image_as_pattern=&#8221;without_pattern&#8221; z_index=&#8221;&#8221; css=&#8221;.vc_custom_1606142332205{margin-bottom: 0px !important;border-bottom-width: 16px !important;padding-bottom: 0px !important;border-bottom-color: #001a73 !important;border-bottom-style: solid !important;}&#8221;][vc_column css=&#8221;.vc_custom_1606142303685{padding-top: 60px !important;padding-bottom: 0px !important;}&#8221;][vc_row_inner row_type=&#8221;row&#8221; type=&#8221;grid&#8221; text_align=&#8221;left&#8221; css_animation=&#8221;&#8221;][vc_column_inner][vc_column_text css=&#8221;.vc_custom_1606142235983{padding-bottom: 40px !important;}&#8221;]<\/p>\n<h1 style=\"text-align: center;\"><strong><span style=\"color: #001a73; font-weight: 700!important;\">ACTUALIT\u00c9S<\/span><\/strong><\/h1>\n<p>[\/vc_column_text]\n<div class='latest_post_holder boxes three_columns three_rows' >\n    <ul>\n    \n        <li class=\"clearfix\">\n            <div class=\"boxes_image\">\n                <a itemprop=\"url\" href=\"https:\/\/spring-france.com\/landings\/accord-post-brexit-quelles-nouveautes-transport-ecommerce-royaume-uni\/\"><img width=\"539\" height=\"303\" src=\"https:\/\/spring-france.com\/landings\/wp-content\/uploads\/2021\/01\/Brexit-handshake-01-539x303.jpg\" class=\"attachment-latest_post_boxes size-latest_post_boxes wp-post-image\" alt=\"\" loading=\"lazy\" \/><\/a>\n            <\/div>\n            <div class=\"latest_post\"  >\n                <div class=\"latest_post_text\">\n                    <div class=\"latest_post_inner\">\n                        <div class=\"latest_post_text_inner\">\n                            <h5 itemprop=\"name\" class=\"latest_post_title entry_title\"><a itemprop=\"url\" href=\"https:\/\/spring-france.com\/landings\/accord-post-brexit-quelles-nouveautes-transport-ecommerce-royaume-uni\/\">Accord post Brexit : Quelles nouveaut\u00e9s ?<\/a><\/h5>\n                            <p itemprop=\"description\" class=\"excerpt\">[vc_row css_animation=&#8221;&#8221; row_type=&#8221;row&#8221; use_row_as_full_screen_section=&#8221;no&#8221; type=&#8221;full_width&#8221; angled_section=&#8221;no&#8221; text_align=&#8221;left&#8221; background_image_as_pattern=&#8221;without_pattern&#8221; el_class=&#8221;not&#8221; z_index=&#8221;&#8221;][vc_column][vc_column_text] L&#8217;accord de commerce et de coop\u00e9ration annonc\u00e9 le 24 d\u00e9cembre 2020 marque une \u00e9tape historique dans les relations entre l&#8217;Union Europ\u00e9enne et le Royaume-Uni. Il d\u00e9finit le cadre d&#8217;un &#8220;nouveau partenariat \u00e9conomique et social&#8221; dont......<\/p>\n                            <span class=\"post_infos\">\n                                                                    <span class=\"date_hour_holder\">\n                                        <span itemprop=\"dateCreated\" class=\"date entry_date updated\">08 enero, 2021 <meta itemprop=\"interactionCount\" content=\"UserComments: 0\"\/><\/span>\n                                    <\/span>\n                                                                                                                                                                            <span class=\"dots\"><i class=\"fa fa-square\"><\/i><\/span>\n                                                                        <a itemprop=\"url\" class=\"post_comments\" href=\"https:\/\/spring-france.com\/landings\/accord-post-brexit-quelles-nouveautes-transport-ecommerce-royaume-uni\/#respond\">No comment<\/a>\n                                \n                                \n                                                            <\/span>\n                        <\/div>\n                    <\/div>\n                <\/div>\n            <\/div>\n        <\/li>\n    \n        <li class=\"clearfix\">\n            <div class=\"boxes_image\">\n                <a itemprop=\"url\" href=\"https:\/\/spring-france.com\/landings\/face-au-brexit-quelles-methodes-adopter-ddp-dap-envois-ecommerce-royaume-uni-brexit\/\"><img width=\"539\" height=\"303\" src=\"https:\/\/spring-france.com\/landings\/wp-content\/uploads\/2020\/11\/dap-539x303.jpg\" class=\"attachment-latest_post_boxes size-latest_post_boxes wp-post-image\" alt=\"\" loading=\"lazy\" \/><\/a>\n            <\/div>\n            <div class=\"latest_post\"  >\n                <div class=\"latest_post_text\">\n                    <div class=\"latest_post_inner\">\n                        <div class=\"latest_post_text_inner\">\n                            <h5 itemprop=\"name\" class=\"latest_post_title entry_title\"><a itemprop=\"url\" href=\"https:\/\/spring-france.com\/landings\/face-au-brexit-quelles-methodes-adopter-ddp-dap-envois-ecommerce-royaume-uni-brexit\/\">Face au Brexit : Quelles m\u00e9thodes adopter ?<\/a><\/h5>\n                            <p itemprop=\"description\" class=\"excerpt\">[vc_row css_animation=&#8221;&#8221; row_type=&#8221;row&#8221; use_row_as_full_screen_section=&#8221;no&#8221; type=&#8221;full_width&#8221; angled_section=&#8221;no&#8221; text_align=&#8221;left&#8221; background_image_as_pattern=&#8221;without_pattern&#8221; el_class=&#8221;not&#8221; z_index=&#8221;&#8221;][vc_column][vc_column_text] Satisfaire et conserver ses clients est un enjeu essentiel pour tous les e-commer\u00e7ants.\u00a0 En tant que sp\u00e9cialistes cross-border travaillant avec plusieurs grandes entreprises, chez Spring nous savons \u00e0 quel point la livraison joue un r\u00f4le......<\/p>\n                            <span class=\"post_infos\">\n                                                                    <span class=\"date_hour_holder\">\n                                        <span itemprop=\"dateCreated\" class=\"date entry_date updated\">17 diciembre, 2020 <meta itemprop=\"interactionCount\" content=\"UserComments: 0\"\/><\/span>\n                                    <\/span>\n                                                                                                                                                                            <span class=\"dots\"><i class=\"fa fa-square\"><\/i><\/span>\n                                                                        <a itemprop=\"url\" class=\"post_comments\" href=\"https:\/\/spring-france.com\/landings\/face-au-brexit-quelles-methodes-adopter-ddp-dap-envois-ecommerce-royaume-uni-brexit\/#respond\">No comment<\/a>\n                                \n                                \n                                                            <\/span>\n                        <\/div>\n                    <\/div>\n                <\/div>\n            <\/div>\n        <\/li>\n    \n        <li class=\"clearfix\">\n            <div class=\"boxes_image\">\n                <a itemprop=\"url\" href=\"https:\/\/spring-france.com\/landings\/spring-et-brexit-parlons-taxes\/\"><img width=\"539\" height=\"303\" src=\"https:\/\/spring-france.com\/landings\/wp-content\/uploads\/2020\/11\/vat-539x303.jpg\" class=\"attachment-latest_post_boxes size-latest_post_boxes wp-post-image\" alt=\"\" loading=\"lazy\" \/><\/a>\n            <\/div>\n            <div class=\"latest_post\"  >\n                <div class=\"latest_post_text\">\n                    <div class=\"latest_post_inner\">\n                        <div class=\"latest_post_text_inner\">\n                            <h5 itemprop=\"name\" class=\"latest_post_title entry_title\"><a itemprop=\"url\" href=\"https:\/\/spring-france.com\/landings\/spring-et-brexit-parlons-taxes\/\">Spring et Brexit : Parlons taxes<\/a><\/h5>\n                            <p itemprop=\"description\" class=\"excerpt\">[vc_row css_animation=&#8221;&#8221; row_type=&#8221;row&#8221; use_row_as_full_screen_section=&#8221;no&#8221; type=&#8221;full_width&#8221; angled_section=&#8221;no&#8221; text_align=&#8221;left&#8221; background_image_as_pattern=&#8221;without_pattern&#8221; el_class=&#8221;not&#8221; z_index=&#8221;&#8221;][vc_column][vc_column_text]Les changements li\u00e9s au Brexit apportent de nouveaux d\u00e9fis aux entreprises qui exp\u00e9dient vers le Royaume-Uni. L\u2019impact le plus important sur les co\u00fbts et la satisfaction des consommateurs reste incontestablement les nouvelles r\u00e8gles relatives \u00e0 la......<\/p>\n                            <span class=\"post_infos\">\n                                                                    <span class=\"date_hour_holder\">\n                                        <span itemprop=\"dateCreated\" class=\"date entry_date updated\">23 noviembre, 2020 <meta itemprop=\"interactionCount\" content=\"UserComments: 0\"\/><\/span>\n                                    <\/span>\n                                                                                                                                                                            <span class=\"dots\"><i class=\"fa fa-square\"><\/i><\/span>\n                                                                        <a itemprop=\"url\" class=\"post_comments\" href=\"https:\/\/spring-france.com\/landings\/spring-et-brexit-parlons-taxes\/#respond\">No comment<\/a>\n                                \n                                \n                                                            <\/span>\n                        <\/div>\n                    <\/div>\n                <\/div>\n            <\/div>\n        <\/li>\n    \n        <li class=\"clearfix\">\n            <div class=\"boxes_image\">\n                <a itemprop=\"url\" href=\"https:\/\/spring-france.com\/landings\/preparez-vous-pour-le-brexit\/\"><img width=\"539\" height=\"303\" src=\"https:\/\/spring-france.com\/landings\/wp-content\/uploads\/2020\/11\/uk-539x303.jpg\" class=\"attachment-latest_post_boxes size-latest_post_boxes wp-post-image\" alt=\"\" loading=\"lazy\" \/><\/a>\n            <\/div>\n            <div class=\"latest_post\"  >\n                <div class=\"latest_post_text\">\n                    <div class=\"latest_post_inner\">\n                        <div class=\"latest_post_text_inner\">\n                            <h5 itemprop=\"name\" class=\"latest_post_title entry_title\"><a itemprop=\"url\" href=\"https:\/\/spring-france.com\/landings\/preparez-vous-pour-le-brexit\/\">J-45 : Pr\u00e9parez-vous pour le Brexit !<\/a><\/h5>\n                            <p itemprop=\"description\" class=\"excerpt\">[vc_row css_animation=&#8221;&#8221; row_type=&#8221;row&#8221; use_row_as_full_screen_section=&#8221;no&#8221; type=&#8221;full_width&#8221; angled_section=&#8221;no&#8221; text_align=&#8221;left&#8221; background_image_as_pattern=&#8221;without_pattern&#8221; el_class=&#8221;not&#8221; z_index=&#8221;&#8221;][vc_column][vc_column_text]Apr\u00e8s pr\u00e8s de 5 ans de n\u00e9gociations sur les conditions de la sortie du Royaume-Uni de l\u2019Union Europ\u00e9enne, la p\u00e9riode de transition du Brexit prend fin dans 6 semaines. Celui-ci entrera d\u00e9finitivement en vigueur le 1er......<\/p>\n                            <span class=\"post_infos\">\n                                                                    <span class=\"date_hour_holder\">\n                                        <span itemprop=\"dateCreated\" class=\"date entry_date updated\">18 noviembre, 2020 <meta itemprop=\"interactionCount\" content=\"UserComments: 0\"\/><\/span>\n                                    <\/span>\n                                                                                                                                                                            <span class=\"dots\"><i class=\"fa fa-square\"><\/i><\/span>\n                                                                        <a itemprop=\"url\" class=\"post_comments\" href=\"https:\/\/spring-france.com\/landings\/preparez-vous-pour-le-brexit\/#respond\">No comment<\/a>\n                                \n                                \n                                                            <\/span>\n                        <\/div>\n                    <\/div>\n                <\/div>\n            <\/div>\n        <\/li>\n        <\/ul>\n<\/div>[\/vc_column_inner][\/vc_row_inner][\/vc_column][\/vc_row][vc_row css_animation=&#8221;&#8221; row_type=&#8221;row&#8221; use_row_as_full_screen_section=&#8221;no&#8221; type=&#8221;full_width&#8221; angled_section=&#8221;no&#8221; text_align=&#8221;left&#8221; background_image_as_pattern=&#8221;without_pattern&#8221; z_index=&#8221;&#8221; css=&#8221;.vc_custom_1606142436702{background-color: #ffffff !important;}&#8221;][vc_column css=&#8221;.vc_custom_1606142445338{padding-top: 60px !important;padding-bottom: 60px !important;}&#8221;][vc_single_image image=&#8221;478&#8243; img_size=&#8221;816&#215;366&#8243; alignment=&#8221;center&#8221; qode_css_animation=&#8221;&#8221;][\/vc_column][\/vc_row]<\/p>\n","protected":false},"excerpt":{"rendered":"<p>[vc_row css_animation=&#8221;&#8221; row_type=&#8221;row&#8221; use_row_as_full_screen_section=&#8221;no&#8221; type=&#8221;full_width&#8221; angled_section=&#8221;no&#8221; text_align=&#8221;left&#8221; background_image_as_pattern=&#8221;without_pattern&#8221; css=&#8221;.vc_custom_1567717171448{padding-top: 20px !important;padding-bottom: 20px !important;background-color: #ffffff !important;}&#8221; z_index=&#8221;&#8221;][vc_column width=&#8221;1\/2&#8243; offset=&#8221;vc_col-xs-6&#8243;][vc_single_image image=&#8221;29&#8243; img_size=&#8221;65&#215;65&#8243; alignment=&#8221;center&#8221; qode_css_animation=&#8221;&#8221;][\/vc_column][vc_column width=&#8221;1\/2&#8243; offset=&#8221;vc_col-xs-6&#8243;][vc_single_image image=&#8221;30&#8243; img_size=&#8221;41&#215;65&#8243; alignment=&#8221;center&#8221; qode_css_animation=&#8221;&#8221;][\/vc_column][\/vc_row][vc_row css_animation=&#8221;&#8221; row_type=&#8221;row&#8221; use_row_as_full_screen_section=&#8221;yes&#8221; type=&#8221;full_width&#8221; angled_section=&#8221;no&#8221; text_align=&#8221;left&#8221; background_image_as_pattern=&#8221;without_pattern&#8221; z_index=&#8221;&#8221; css=&#8221;.vc_custom_1572451035862{padding-top: 0px !important;padding-right: 0px !important;padding-bottom: 0px !important;padding-left: 0px !important;}&#8221;][vc_column][vc_row_inner&#8230;<\/p>\n","protected":false},"author":1,"featured_media":0,"parent":0,"menu_order":0,"comment_status":"closed","ping_status":"closed","template":"full_width.php","meta":[],"_links":{"self":[{"href":"https:\/\/spring-france.com\/landings\/wp-json\/wp\/v2\/pages\/405"}],"collection":[{"href":"https:\/\/spring-france.com\/landings\/wp-json\/wp\/v2\/pages"}],"about":[{"href":"https:\/\/spring-france.com\/landings\/wp-json\/wp\/v2\/types\/page"}],"author":[{"embeddable":true,"href":"https:\/\/spring-france.com\/landings\/wp-json\/wp\/v2\/users\/1"}],"replies":[{"embeddable":true,"href":"https:\/\/spring-france.com\/landings\/wp-json\/wp\/v2\/comments?post=405"}],"version-history":[{"count":63,"href":"https:\/\/spring-france.com\/landings\/wp-json\/wp\/v2\/pages\/405\/revisions"}],"predecessor-version":[{"id":606,"href":"https:\/\/spring-france.com\/landings\/wp-json\/wp\/v2\/pages\/405\/revisions\/606"}],"wp:attachment":[{"href":"https:\/\/spring-france.com\/landings\/wp-json\/wp\/v2\/media?parent=405"}],"curies":[{"name":"wp","href":"https:\/\/api.w.org\/{rel}","templated":true}]}}